{"id":5709,"date":"2025-11-19T13:38:10","date_gmt":"2025-11-19T18:38:10","guid":{"rendered":"https:\/\/www.direxyon.com\/request-a-personalized-demo\/"},"modified":"2025-11-27T08:14:50","modified_gmt":"2025-11-27T13:14:50","slug":"reserver-une-demo","status":"publish","type":"page","link":"https:\/\/www.direxyon.com\/fr\/reserver-une-demo\/","title":{"rendered":"R\u00e9server une d\u00e9mo"},"content":{"rendered":"\n<div class=\"wp-block-group alignfull is-layout-constrained wp-block-group-is-layout-constrained\">\n<div style=\"background-image:url(&apos;https:\/\/www.direxyon.com\/wp-content\/uploads\/2025\/11\/pattern2.jpg&apos;);background-size:cover;\" class=\"wp-block-group full-w is-layout-constrained wp-block-group-is-layout-constrained has-background\">\n<div style=\"height:var(--wp--preset--spacing--50);width:0px\" aria-hidden=\"true\" class=\"wp-block-spacer\"><\/div>\n\n\n\n<div id=\"bk-tag-block_118c2b7fb7817f6cf7e8e5ec84be546d\" class=\"bk-tag-container\">\n\t<span class=\"tag\">D\u00e9mo<\/span>\n<\/div>\n\n\n<h2 class=\"wp-block-heading\" id=\"h-reserver-une-demo\">R\u00e9server une d\u00e9mo<\/h2>\n\n\n\n<div style=\"height:var(--wp--preset--spacing--70);width:0px\" aria-hidden=\"true\" class=\"wp-block-spacer\"><\/div>\n<\/div>\n<\/div>\n\n\n\n<div class=\"wp-block-columns not-equal is-layout-flex wp-container-core-columns-is-layout-9d6595d7 wp-block-columns-is-layout-flex\">\n<div class=\"wp-block-column is-layout-flow wp-block-column-is-layout-flow\">\n<div class=\"wp-block-cover is-light has-border-color\" style=\"border-color:#c3cad1;border-width:1px;border-radius:16px\"><span aria-hidden=\"true\" class=\"wp-block-cover__background has-white-background-color has-background-dim-100 has-background-dim\"><\/span><div class=\"wp-block-cover__inner-container is-layout-constrained wp-block-cover-is-layout-constrained\">\n<h3 class=\"wp-block-heading has-text-align-left has-text-color has-link-color wp-elements-509aa5c4f570cb72d6a99ff73da4320d\" id=\"h-planifiez-une-demo-et-decouvrez-comment-direxyon-peut-vous-aider\" style=\"color:#343941\">Planifiez une d\u00e9mo et d\u00e9couvrez comment<br>Direxyon peut vous aider :<\/h3>\n\n\n\n<div style=\"height:var(--wp--preset--spacing--20)\" aria-hidden=\"true\" class=\"wp-block-spacer\"><\/div>\n\n\n\n<p class=\"has-icon\" style=\"margin-bottom:var(--wp--preset--spacing--20)\"><img loading=\"lazy\" decoding=\"async\" width=\"16\" height=\"16\" class=\"wp-image-5620\" style=\"width: 16px;\" src=\"https:\/\/www.direxyon.com\/wp-content\/uploads\/2025\/11\/checkmark-1.png\" alt=\"\">G\u00e9n\u00e9rer et \u00e9valuer des sc\u00e9narios d\u2019investissement et leurs r\u00e9sultats<\/p>\n\n\n\n<p class=\"has-icon\" style=\"margin-bottom:var(--wp--preset--spacing--20)\"><img loading=\"lazy\" decoding=\"async\" width=\"16\" height=\"16\" class=\"wp-image-5620\" style=\"width: 16px;\" src=\"https:\/\/www.direxyon.com\/wp-content\/uploads\/2025\/11\/checkmark-1.png\" alt=\"\">Identifier les risques, priorit\u00e9s et opportunit\u00e9s \u00e0 long terme<\/p>\n\n\n\n<p class=\"has-text-align-left\"><img loading=\"lazy\" decoding=\"async\" width=\"16\" height=\"16\" class=\"wp-image-5620\" style=\"width: 16px;\" src=\"https:\/\/www.direxyon.com\/wp-content\/uploads\/2025\/11\/checkmark-1.png\" alt=\"\"> Prioriser les projets et optimiser les ressources<\/p>\n\n\n\n<p class=\"has-text-align-left\" style=\"margin-top:0;margin-bottom:0\">Il suffit de remplir le formulaire pour commencer. Un membre de notre \u00e9quipe vous contactera pour confirmer votre disponibilit\u00e9.<\/p>\n<\/div><\/div>\n<\/div>\n\n\n\n<div class=\"wp-block-column is-layout-flow wp-block-column-is-layout-flow\">\n<div class=\"wp-block-cover is-light has-border-color\" style=\"border-color:#c3cad1;border-width:1px;border-radius:16px\"><span aria-hidden=\"true\" class=\"wp-block-cover__background has-white-background-color has-background-dim-100 has-background-dim\"><\/span><div class=\"wp-block-cover__inner-container is-layout-constrained wp-block-cover-is-layout-constrained\">\n<div class=\"wp-block-leadin-hubspot-form-block\">\n\t\t\t<div\n\t\t\tclass=\"hs-form-frame\"\n\t\t\tdata-region=\"na1\"\n\t\t\tdata-form-id=\"f71547e3-cc54-478b-8797-5271a4c35257\"\n\t\t\tdata-portal-id=\"8847107\"\n\t\t\t >\n\t\t\t<\/div>\n\t\t\t<\/div>\n<\/div><\/div>\n<\/div>\n<\/div>\n\n\n\n<div style=\"height:var(--wp--preset--spacing--50)\" aria-hidden=\"true\" class=\"wp-block-spacer\"><\/div>\n\n\n\n<div id=\"bk-tag-block_1842ce06b3be5908c065552a803bd19a\" class=\"bk-tag-container aligncenter\">\n\t<span class=\"tag\">T\u00e9moignages<\/span>\n<\/div>\n\n\n<h2 class=\"wp-block-heading has-text-align-center\" id=\"h-ce-que-disent-nos-clients\"><strong>Ce que disent nos clients<\/strong><\/h2>\n\n\n\n<div style=\"height:var(--wp--preset--spacing--40)\" aria-hidden=\"true\" class=\"wp-block-spacer\"><\/div>\n\n\n<div class=\"bk-carousel-testimonial alignfull\">\n    <div class=\"bk-carousel-testimonial--carousel owl-carousel owl-theme\">\n                    <div class=\"item\">\n                <div class=\"message\">L&#8217;approche centr\u00e9e sur les actifs permet d&#8217;anticiper les besoins futurs pour atteindre et maintenir la performance souhait\u00e9e<\/div>\n                <div class=\"author-info\">\n                    <span class=\"name\">Marie-Jos\u00e9e Roby<\/span>\n                    <span class=\"author\">&#8211; Hydro Qu\u00e9bec Trans \u00c9nergie<\/span>\n                <\/div>\n            <\/div>\n                    <div class=\"item\">\n                <div class=\"message\">Nos analyses d\u00e9montrent qu&#8217;une approche proactive et cibl\u00e9e des interventions est tr\u00e8s rentable, permettant des \u00e9conomies pouvant atteindre 50 % tout en maintenant un niveau de service \u00e9quivalent ou sup\u00e9rieur<\/div>\n                <div class=\"author-info\">\n                    <span class=\"name\">Normand Hachey<\/span>\n                    <span class=\"author\">&#8211; Ville de Montr\u00e9al, Service d&#8217;eau<\/span>\n                <\/div>\n            <\/div>\n                    <div class=\"item\">\n                <div class=\"message\">Nous pensions que notre probl\u00e8me \u00e9tait un manque de donn\u00e9es. Direxyon nous a aid\u00e9s \u00e0 comprendre que le v\u00e9ritable d\u00e9fi \u00e9tait de savoir quoi demander. Leur d\u00e9marche a apport\u00e9 clart\u00e9 et structure \u00e0 nos d\u00e9cisions en gestion d\u2019actifs.<\/div>\n                <div class=\"author-info\">\n                    <span class=\"name\">Anonyme<\/span>\n                    <span class=\"author\">&#8211; Secteur municipal<\/span>\n                <\/div>\n            <\/div>\n                    <div class=\"item\">\n                <div class=\"message\">Nous avions des donn\u00e9es. Nous avions des rapports. Ce qui nous manquait, c\u2019\u00e9tait un lien clair entre l\u2019information et l\u2019action. Direxyon nous a aid\u00e9s \u00e0 cibler o\u00f9 investir et comment am\u00e9liorer le r\u00e9seau de fa\u00e7on pertinente et d\u00e9fendable. <\/div>\n                <div class=\"author-info\">\n                    <span class=\"name\">Anonyme<\/span>\n                    <span class=\"author\">&#8211; Secteur \u00e9lectrique<\/span>\n                <\/div>\n            <\/div>\n                    <div class=\"item\">\n                <div class=\"message\">Travailler avec Direxyon a \u00e9t\u00e9 une r\u00e9v\u00e9lation pour notre \u00e9quipe de gestion d\u2019actifs. Le processus nous a forc\u00e9s \u00e0 revoir notre approche des donn\u00e9es, du risque et de la planification \u00e0 long terme. Il a remis en question nos suppositions et a, au final, renforc\u00e9 nos pratiques pour les rendre plus claires, plus solides et beaucoup plus d\u00e9fendables. <\/div>\n                <div class=\"author-info\">\n                    <span class=\"name\">Anonyme<\/span>\n                    <span class=\"author\">&#8211; Secteur \u00e9lectrique<\/span>\n                <\/div>\n            <\/div>\n            <\/div>\n<\/div>\n\n\n<div style=\"height:var(--wp--preset--spacing--40)\" aria-hidden=\"true\" class=\"wp-block-spacer\"><\/div>\n\n\n\n<p><\/p>\n","protected":false},"excerpt":{"rendered":"<p>R\u00e9server une d\u00e9mo<\/p>\n","protected":false},"author":22,"featured_media":0,"parent":0,"menu_order":0,"comment_status":"closed","ping_status":"closed","template":"","meta":{"_acf_changed":true,"content-type":"","footnotes":""},"class_list":["post-5709","page","type-page","status-publish","hentry"],"acf":[],"yoast_head":"<!-- This site is optimized with the Yoast SEO Premium plugin v27.2 (Yoast SEO v27.2) - https:\/\/yoast.com\/product\/yoast-seo-premium-wordpress\/ -->\n<title>R\u00e9server une d\u00e9mo | Direxyon Technologies<\/title>\n<meta name=\"description\" content=\"Planifiez une d\u00e9mo pour d\u00e9couvrir comment Direxyon g\u00e9n\u00e8re et \u00e9value des sc\u00e9narios d\u2019investissement, identifie risques et priorit\u00e9s, et optimise la planification des projets. Remplissez le formulaire et notre \u00e9quipe vous contactera pour confirmer votre disponibilit\u00e9.\" \/>\n<meta name=\"robots\" content=\"index, follow, max-snippet:-1, max-image-preview:large, max-video-preview:-1\" \/>\n<link rel=\"canonical\" href=\"https:\/\/www.direxyon.com\/fr\/reserver-une-demo\/\" \/>\n<meta property=\"og:locale\" content=\"fr_FR\" \/>\n<meta property=\"og:type\" content=\"article\" \/>\n<meta property=\"og:title\" content=\"R\u00e9server une d\u00e9mo\" \/>\n<meta property=\"og:description\" content=\"Planifiez une d\u00e9mo pour d\u00e9couvrir comment Direxyon g\u00e9n\u00e8re et \u00e9value des sc\u00e9narios d\u2019investissement, identifie risques et priorit\u00e9s, et optimise la planification des projets. Remplissez le formulaire et notre \u00e9quipe vous contactera pour confirmer votre disponibilit\u00e9.\" \/>\n<meta property=\"og:url\" content=\"https:\/\/www.direxyon.com\/fr\/reserver-une-demo\/\" \/>\n<meta property=\"og:site_name\" content=\"Direxyon Technologies\" \/>\n<meta property=\"article:modified_time\" content=\"2025-11-27T13:14:50+00:00\" \/>\n<meta property=\"og:image\" content=\"https:\/\/www.direxyon.com\/wp-content\/uploads\/2025\/11\/checkmark-1.png\" \/>\n\t<meta property=\"og:image:width\" content=\"32\" \/>\n\t<meta property=\"og:image:height\" content=\"32\" \/>\n\t<meta property=\"og:image:type\" content=\"image\/png\" \/>\n<meta name=\"twitter:card\" content=\"summary_large_image\" \/>\n<meta name=\"twitter:label1\" content=\"Dur\u00e9e de lecture estim\u00e9e\" \/>\n\t<meta name=\"twitter:data1\" content=\"1 minute\" \/>\n<script type=\"application\/ld+json\" class=\"yoast-schema-graph\">{\n\t    \"@context\": \"https:\/\/schema.org\",\n\t    \"@graph\": [\n\t        {\n\t            \"@type\": \"WebPage\",\n\t            \"@id\": \"https:\/\/www.direxyon.com\/fr\/reserver-une-demo\/\",\n\t            \"url\": \"https:\/\/www.direxyon.com\/fr\/reserver-une-demo\/\",\n\t            \"name\": \"R\u00e9server une d\u00e9mo | Direxyon Technologies\",\n\t            \"isPartOf\": {\n\t                \"@id\": \"https:\/\/direxyontecdev.wpenginepowered.com\/#website\"\n\t            },\n\t            \"primaryImageOfPage\": {\n\t                \"@id\": \"https:\/\/www.direxyon.com\/fr\/reserver-une-demo\/#primaryimage\"\n\t            },\n\t            \"image\": {\n\t                \"@id\": \"https:\/\/www.direxyon.com\/fr\/reserver-une-demo\/#primaryimage\"\n\t            },\n\t            \"thumbnailUrl\": \"https:\/\/www.direxyon.com\/wp-content\/uploads\/2025\/11\/checkmark-1.png\",\n\t            \"datePublished\": \"2025-11-19T18:38:10+00:00\",\n\t            \"dateModified\": \"2025-11-27T13:14:50+00:00\",\n\t            \"description\": \"Planifiez une d\u00e9mo pour d\u00e9couvrir comment Direxyon g\u00e9n\u00e8re et \u00e9value des sc\u00e9narios d\u2019investissement, identifie risques et priorit\u00e9s, et optimise la planification des projets. Remplissez le formulaire et notre \u00e9quipe vous contactera pour confirmer votre disponibilit\u00e9.\",\n\t            \"breadcrumb\": {\n\t                \"@id\": \"https:\/\/www.direxyon.com\/fr\/reserver-une-demo\/#breadcrumb\"\n\t            },\n\t            \"inLanguage\": \"fr-FR\",\n\t            \"potentialAction\": [\n\t                {\n\t                    \"@type\": \"ReadAction\",\n\t                    \"target\": [\n\t                        \"https:\/\/www.direxyon.com\/fr\/reserver-une-demo\/\"\n\t                    ]\n\t                }\n\t            ]\n\t        },\n\t        {\n\t            \"@type\": \"ImageObject\",\n\t            \"inLanguage\": \"fr-FR\",\n\t            \"@id\": \"https:\/\/www.direxyon.com\/fr\/reserver-une-demo\/#primaryimage\",\n\t            \"url\": \"https:\/\/www.direxyon.com\/wp-content\/uploads\/2025\/11\/checkmark-1.png\",\n\t            \"contentUrl\": \"https:\/\/www.direxyon.com\/wp-content\/uploads\/2025\/11\/checkmark-1.png\"\n\t        },\n\t        {\n\t            \"@type\": \"BreadcrumbList\",\n\t            \"@id\": \"https:\/\/www.direxyon.com\/fr\/reserver-une-demo\/#breadcrumb\",\n\t            \"itemListElement\": [\n\t                {\n\t                    \"@type\": \"ListItem\",\n\t                    \"position\": 1,\n\t                    \"name\": \"Home\",\n\t                    \"item\": \"https:\/\/www.direxyon.com\/fr\/\"\n\t                },\n\t                {\n\t                    \"@type\": \"ListItem\",\n\t                    \"position\": 2,\n\t                    \"name\": \"R\u00e9server une d\u00e9mo\"\n\t                }\n\t            ]\n\t        },\n\t        {\n\t            \"@type\": \"WebSite\",\n\t            \"@id\": \"https:\/\/direxyontecdev.wpenginepowered.com\/#website\",\n\t            \"url\": \"https:\/\/direxyontecdev.wpenginepowered.com\/\",\n\t            \"name\": \"Direxyon Technologies\",\n\t            \"description\": \"\",\n\t            \"publisher\": {\n\t                \"@id\": \"https:\/\/direxyontecdev.wpenginepowered.com\/#organization\"\n\t            },\n\t            \"potentialAction\": [\n\t                {\n\t                    \"@type\": \"SearchAction\",\n\t                    \"target\": {\n\t                        \"@type\": \"EntryPoint\",\n\t                        \"urlTemplate\": \"https:\/\/direxyontecdev.wpenginepowered.com\/?s={search_term_string}\"\n\t                    },\n\t                    \"query-input\": {\n\t                        \"@type\": \"PropertyValueSpecification\",\n\t                        \"valueRequired\": true,\n\t                        \"valueName\": \"search_term_string\"\n\t                    }\n\t                }\n\t            ],\n\t            \"inLanguage\": \"fr-FR\"\n\t        },\n\t        {\n\t            \"@type\": \"Organization\",\n\t            \"@id\": \"https:\/\/direxyontecdev.wpenginepowered.com\/#organization\",\n\t            \"name\": \"Direxyon Technologies\",\n\t            \"url\": \"https:\/\/direxyontecdev.wpenginepowered.com\/\",\n\t            \"logo\": {\n\t                \"@type\": \"ImageObject\",\n\t                \"inLanguage\": \"fr-FR\",\n\t                \"@id\": \"https:\/\/direxyontecdev.wpenginepowered.com\/#\/schema\/logo\/image\/\",\n\t                \"url\": \"https:\/\/www.direxyon.com\/wp-content\/uploads\/2024\/01\/Logo_DIREXYON_bleu.png\",\n\t                \"contentUrl\": \"https:\/\/www.direxyon.com\/wp-content\/uploads\/2024\/01\/Logo_DIREXYON_bleu.png\",\n\t                \"width\": 800,\n\t                \"height\": 220,\n\t                \"caption\": \"Direxyon Technologies\"\n\t            },\n\t            \"image\": {\n\t                \"@id\": \"https:\/\/direxyontecdev.wpenginepowered.com\/#\/schema\/logo\/image\/\"\n\t            },\n\t            \"sameAs\": [\n\t                \"https:\/\/www.linkedin.com\/company\/direxyon-technologies\/\",\n\t                \"https:\/\/www.youtube.com\/channel\/UCgqumEEDzzhTpDXFKdpNFVg\"\n\t            ]\n\t        }\n\t    ]\n\t}<\/script>\n<!-- \/ Yoast SEO Premium plugin. -->","yoast_head_json":{"title":"R\u00e9server une d\u00e9mo | Direxyon Technologies","description":"Planifiez une d\u00e9mo pour d\u00e9couvrir comment Direxyon g\u00e9n\u00e8re et \u00e9value des sc\u00e9narios d\u2019investissement, identifie risques et priorit\u00e9s, et optimise la planification des projets. Remplissez le formulaire et notre \u00e9quipe vous contactera pour confirmer votre disponibilit\u00e9.","robots":{"index":"index","follow":"follow","max-snippet":"max-snippet:-1","max-image-preview":"max-image-preview:large","max-video-preview":"max-video-preview:-1"},"canonical":"https:\/\/www.direxyon.com\/fr\/reserver-une-demo\/","og_locale":"fr_FR","og_type":"article","og_title":"R\u00e9server une d\u00e9mo","og_description":"Planifiez une d\u00e9mo pour d\u00e9couvrir comment Direxyon g\u00e9n\u00e8re et \u00e9value des sc\u00e9narios d\u2019investissement, identifie risques et priorit\u00e9s, et optimise la planification des projets. Remplissez le formulaire et notre \u00e9quipe vous contactera pour confirmer votre disponibilit\u00e9.","og_url":"https:\/\/www.direxyon.com\/fr\/reserver-une-demo\/","og_site_name":"Direxyon Technologies","article_modified_time":"2025-11-27T13:14:50+00:00","og_image":[{"width":32,"height":32,"url":"https:\/\/www.direxyon.com\/wp-content\/uploads\/2025\/11\/checkmark-1.png","type":"image\/png"}],"twitter_card":"summary_large_image","twitter_misc":{"Dur\u00e9e de lecture estim\u00e9e":"1 minute"},"schema":{"@context":"https:\/\/schema.org","@graph":[{"@type":"WebPage","@id":"https:\/\/www.direxyon.com\/fr\/reserver-une-demo\/","url":"https:\/\/www.direxyon.com\/fr\/reserver-une-demo\/","name":"R\u00e9server une d\u00e9mo | Direxyon Technologies","isPartOf":{"@id":"https:\/\/direxyontecdev.wpenginepowered.com\/#website"},"primaryImageOfPage":{"@id":"https:\/\/www.direxyon.com\/fr\/reserver-une-demo\/#primaryimage"},"image":{"@id":"https:\/\/www.direxyon.com\/fr\/reserver-une-demo\/#primaryimage"},"thumbnailUrl":"https:\/\/www.direxyon.com\/wp-content\/uploads\/2025\/11\/checkmark-1.png","datePublished":"2025-11-19T18:38:10+00:00","dateModified":"2025-11-27T13:14:50+00:00","description":"Planifiez une d\u00e9mo pour d\u00e9couvrir comment Direxyon g\u00e9n\u00e8re et \u00e9value des sc\u00e9narios d\u2019investissement, identifie risques et priorit\u00e9s, et optimise la planification des projets. Remplissez le formulaire et notre \u00e9quipe vous contactera pour confirmer votre disponibilit\u00e9.","breadcrumb":{"@id":"https:\/\/www.direxyon.com\/fr\/reserver-une-demo\/#breadcrumb"},"inLanguage":"fr-FR","potentialAction":[{"@type":"ReadAction","target":["https:\/\/www.direxyon.com\/fr\/reserver-une-demo\/"]}]},{"@type":"ImageObject","inLanguage":"fr-FR","@id":"https:\/\/www.direxyon.com\/fr\/reserver-une-demo\/#primaryimage","url":"https:\/\/www.direxyon.com\/wp-content\/uploads\/2025\/11\/checkmark-1.png","contentUrl":"https:\/\/www.direxyon.com\/wp-content\/uploads\/2025\/11\/checkmark-1.png"},{"@type":"BreadcrumbList","@id":"https:\/\/www.direxyon.com\/fr\/reserver-une-demo\/#breadcrumb","itemListElement":[{"@type":"ListItem","position":1,"name":"Home","item":"https:\/\/www.direxyon.com\/fr\/"},{"@type":"ListItem","position":2,"name":"R\u00e9server une d\u00e9mo"}]},{"@type":"WebSite","@id":"https:\/\/direxyontecdev.wpenginepowered.com\/#website","url":"https:\/\/direxyontecdev.wpenginepowered.com\/","name":"Direxyon Technologies","description":"","publisher":{"@id":"https:\/\/direxyontecdev.wpenginepowered.com\/#organization"},"potentialAction":[{"@type":"SearchAction","target":{"@type":"EntryPoint","urlTemplate":"https:\/\/direxyontecdev.wpenginepowered.com\/?s={search_term_string}"},"query-input":{"@type":"PropertyValueSpecification","valueRequired":true,"valueName":"search_term_string"}}],"inLanguage":"fr-FR"},{"@type":"Organization","@id":"https:\/\/direxyontecdev.wpenginepowered.com\/#organization","name":"Direxyon Technologies","url":"https:\/\/direxyontecdev.wpenginepowered.com\/","logo":{"@type":"ImageObject","inLanguage":"fr-FR","@id":"https:\/\/direxyontecdev.wpenginepowered.com\/#\/schema\/logo\/image\/","url":"https:\/\/www.direxyon.com\/wp-content\/uploads\/2024\/01\/Logo_DIREXYON_bleu.png","contentUrl":"https:\/\/www.direxyon.com\/wp-content\/uploads\/2024\/01\/Logo_DIREXYON_bleu.png","width":800,"height":220,"caption":"Direxyon Technologies"},"image":{"@id":"https:\/\/direxyontecdev.wpenginepowered.com\/#\/schema\/logo\/image\/"},"sameAs":["https:\/\/www.linkedin.com\/company\/direxyon-technologies\/","https:\/\/www.youtube.com\/channel\/UCgqumEEDzzhTpDXFKdpNFVg"]}]}},"featured_image_src":null,"featured_image_src_square":null,"_links":{"self":[{"href":"https:\/\/www.direxyon.com\/fr\/wp-json\/wp\/v2\/pages\/5709","targetHints":{"allow":["GET"]}}],"collection":[{"href":"https:\/\/www.direxyon.com\/fr\/wp-json\/wp\/v2\/pages"}],"about":[{"href":"https:\/\/www.direxyon.com\/fr\/wp-json\/wp\/v2\/types\/page"}],"author":[{"embeddable":true,"href":"https:\/\/www.direxyon.com\/fr\/wp-json\/wp\/v2\/users\/22"}],"replies":[{"embeddable":true,"href":"https:\/\/www.direxyon.com\/fr\/wp-json\/wp\/v2\/comments?post=5709"}],"version-history":[{"count":0,"href":"https:\/\/www.direxyon.com\/fr\/wp-json\/wp\/v2\/pages\/5709\/revisions"}],"wp:attachment":[{"href":"https:\/\/www.direxyon.com\/fr\/wp-json\/wp\/v2\/media?parent=5709"}],"curies":[{"name":"wp","href":"https:\/\/api.w.org\/{rel}","templated":true}]}}