{"id":5707,"date":"2025-11-19T14:37:27","date_gmt":"2025-11-19T19:37:27","guid":{"rendered":"https:\/\/www.direxyon.com\/privacy-policy\/"},"modified":"2025-11-25T11:40:04","modified_gmt":"2025-11-25T16:40:04","slug":"privacy-policy","status":"publish","type":"page","link":"https:\/\/www.direxyon.com\/fr\/privacy-policy\/","title":{"rendered":"Politique de confidentialit\u00e9"},"content":{"rendered":"\n<div class=\"wp-block-group alignfull is-layout-constrained wp-block-group-is-layout-constrained\">\n<div style=\"background-image:url(&apos;https:\/\/www.direxyon.com\/wp-content\/uploads\/2025\/11\/pattern2.jpg&apos;);background-size:cover;\" class=\"wp-block-group full-w is-layout-constrained wp-block-group-is-layout-constrained has-background\">\n<div style=\"height:var(--wp--preset--spacing--50);width:0px\" aria-hidden=\"true\" class=\"wp-block-spacer\"><\/div>\n\n\n\n<h1 class=\"wp-block-heading\" id=\"h-politique-de-confidentialite\">Politique de confidentialit\u00e9<\/h1>\n\n\n\n<p class=\"contained\">Derni\u00e8re mise \u00e0 jour : novembre 2022<\/p>\n\n\n\n<div style=\"height:var(--wp--preset--spacing--50);width:0px\" aria-hidden=\"true\" class=\"wp-block-spacer\"><\/div>\n<\/div>\n<\/div>\n\n\n\n<div class=\"wp-block-group is-layout-constrained wp-block-group-is-layout-constrained\">\n<h2 class=\"wp-block-heading has-text-color has-link-color has-medium-font-size wp-elements-3949ea35bf518c71692f9f56c30a90a1\" id=\"h-avis-de-non-responsabilite\" style=\"color:#343941;text-transform:capitalize\">Avis de non-responsabilit\u00e9<\/h2>\n\n\n\n<p>Les renseignements pr\u00e9sents sur ce site Web proviennent de sources fiables et sont exacts au moment de leur publication. Toutefois, ils sont fournis \u00ab\u00a0tels quels\u00a0\u00bb, sans garantie expresse ou implicite de quelque nature que ce soit. Direxyon Technologies et ses fournisseurs ne garantissent ni l\u2019exactitude, ni l\u2019exhaustivit\u00e9, ni l\u2019actualit\u00e9 de ces renseignements et se r\u00e9servent le droit de les modifier en tout temps, sans pr\u00e9avis.<\/p>\n\n\n\n<p>En aucun cas, DirexyonTechnologies ou ses fournisseurs ne pourront \u00eatre tenus responsables de tout dommage, incluant notamment la perte de profits, l\u2019interruption des affaires ou la perte d\u2019information ou de donn\u00e9es, d\u00e9coulant de l\u2019utilisation ou de l\u2019impossibilit\u00e9 d\u2019utiliser ce site Web ou les renseignements qu\u2019il contient, m\u00eame si DirexyonTechnologies a \u00e9t\u00e9 inform\u00e9e de la possibilit\u00e9 de tels dommages.<\/p>\n\n\n\n<div style=\"height:var(--wp--preset--spacing--30)\" aria-hidden=\"true\" class=\"wp-block-spacer\"><\/div>\n\n\n\n<h2 class=\"wp-block-heading has-text-color has-link-color has-medium-font-size wp-elements-a41c3bc003fa0b8baeb57ae2fb5e9731\" id=\"h-politique-de-confidentialite-0\" style=\"color:#343941\">Politique de confidentialit\u00e9<\/h2>\n\n\n\n<p>Direxyon Technologies respecte la vie priv\u00e9e des visiteurs de direxyon.com et ne partage aucun renseignement personnel avec des tiers. Direxyon Technologies n\u2019assume aucune responsabilit\u00e9 quant aux politiques de confidentialit\u00e9 des sites Web auxquels un utilisateur peut acc\u00e9der par l\u2019entremise de ce site.<\/p>\n\n\n\n<p>Vous pouvez consulter notre Politique de confidentialit\u00e9 compl\u00e8te <a href=\"https:\/\/www.direxyon.com\/wp-content\/uploads\/2022\/12\/Politique-de-confidentialite-November-2022.pdf\">ici<\/a>.<\/p>\n\n\n\n<p><strong>Derni\u00e8re mise \u00e0 jour : novembre 2022<\/strong><\/p>\n\n\n\n<p>Si vous avez des questions, pr\u00e9occupations, demandes ou plaintes concernant la Politique ou la gestion de vos renseignements personnels par Direxyon, nous vous invitons \u00e0 communiquer avec nous \u00e0 l\u2019adresse suivante : <strong><a>info@direxyon.com<\/a><\/strong>.<\/p>\n\n\n\n<div style=\"height:var(--wp--preset--spacing--30)\" aria-hidden=\"true\" class=\"wp-block-spacer\"><\/div>\n\n\n\n<h2 class=\"wp-block-heading has-text-color has-link-color has-medium-font-size wp-elements-0983d93bc288c3dd5b2e962f862672c8\" id=\"h-droits-d-auteur\" style=\"color:#343941\">Droits d\u2019auteur<\/h2>\n\n\n\n<p>Direxyon Technologies d\u00e9tient et conserve les droits d\u2019auteur sur le mat\u00e9riel disponible sur ce site. Sauf autorisation pr\u00e9alable de Direxyon Technologies, nul n\u2019est autoris\u00e9 \u00e0 reproduire, en tout ou en partie, sous quelque forme que ce soit, les renseignements contenus sur le site Web de Direxyon Technologies.<\/p>\n\n\n\n<p>Vous pouvez t\u00e9l\u00e9charger une copie du mat\u00e9riel sur un seul ordinateur pour votre usage personnel et non commercial, \u00e0 condition de conserver intacts tous les avis de droit d\u2019auteur et autres mentions de propri\u00e9t\u00e9.<\/p>\n\n\n\n<div style=\"height:30px\" aria-hidden=\"true\" class=\"wp-block-spacer\"><\/div>\n\n\n\n<h2 class=\"wp-block-heading has-text-color has-link-color has-medium-font-size wp-elements-3b4079fd46c9682d2c3b1c7a0c06c23f\" id=\"h-liens-vers-des-sites-tiers\" style=\"color:#343941\">Liens vers des sites tiers<\/h2>\n\n\n\n<p>Les liens vers des sites tiers sont fournis uniquement pour votre commodit\u00e9 et n\u2019impliquent aucune approbation de la part de Direxyon Technologies. Direxyon Technologies ne peut \u00eatre tenue responsable de l\u2019information ou du mat\u00e9riel pr\u00e9sents sur des sites contr\u00f4l\u00e9s ou exploit\u00e9s en dehors de son domaine, incluant toute garantie quant \u00e0 l\u2019exactitude de ces renseignements.<\/p>\n\n\n\n<div style=\"height:var(--wp--preset--spacing--30)\" aria-hidden=\"true\" class=\"wp-block-spacer\"><\/div>\n\n\n\n<h2 class=\"wp-block-heading has-text-color has-link-color has-medium-font-size wp-elements-ed550b537a97a2456904365e8cd965ed\" id=\"h-confidentialite-des-donnees-personnelles\" style=\"color:#343941\">Confidentialit\u00e9 des donn\u00e9es personnelles<\/h2>\n\n\n\n<p>Toutes les donn\u00e9es personnelles sont consid\u00e9r\u00e9es comme confidentielles et doivent \u00eatre trait\u00e9es comme telles. DIREXYON Technologies s\u2019engage \u00e0 prot\u00e9ger et \u00e0 respecter votre vie priv\u00e9e. Nous n\u2019utiliserons vos renseignements personnels que pour g\u00e9rer votre compte et pour vous fournir les produits et services que vous avez demand\u00e9s.<\/p>\n\n\n\n<p>De temps \u00e0 autre, nous souhaiterions communiquer avec vous au sujet de nos produits, services ou d\u2019autres contenus susceptibles de vous int\u00e9resser. Vous pouvez vous d\u00e9sabonner de ces communications en tout temps.<\/p>\n\n\n\n<p>Si vous souhaitez que nous supprimions vos renseignements, veuillez nous \u00e9crire \u00e0\u00a0<strong><a href=\"mailto:marketing@direxyon.com\">marketing@direxyon.com<\/a><\/strong><\/p>\n<\/div>\n\n\n\n<div style=\"height:var(--wp--preset--spacing--60)\" aria-hidden=\"true\" class=\"wp-block-spacer\"><\/div>\n","protected":false},"excerpt":{"rendered":"<p>Politique de confidentialit\u00e9 Derni\u00e8re mise \u00e0 jour : novembre 2022 Avis de non-responsabilit\u00e9 Les renseignements pr\u00e9sents sur ce site Web proviennent de sources fiables et sont exacts au moment de leur publication. Toutefois, ils sont fournis \u00ab\u00a0tels quels\u00a0\u00bb, sans garantie expresse ou implicite de quelque nature que ce soit. Direxyon Technologies et ses fournisseurs ne [&hellip;]<\/p>\n","protected":false},"author":22,"featured_media":0,"parent":0,"menu_order":0,"comment_status":"closed","ping_status":"closed","template":"","meta":{"_acf_changed":false,"content-type":"","footnotes":""},"class_list":["post-5707","page","type-page","status-publish","hentry"],"acf":[],"yoast_head":"<!-- This site is optimized with the Yoast SEO Premium plugin v27.4 (Yoast SEO v27.4) - https:\/\/yoast.com\/product\/yoast-seo-premium-wordpress\/ -->\n<title>Politique de confidentialit\u00e9 | Direxyon Technologies<\/title>\n<meta name=\"robots\" content=\"index, follow, max-snippet:-1, max-image-preview:large, max-video-preview:-1\" \/>\n<link rel=\"canonical\" href=\"https:\/\/www.direxyon.com\/fr\/privacy-policy\/\" \/>\n<meta property=\"og:locale\" content=\"fr_FR\" \/>\n<meta property=\"og:type\" content=\"article\" \/>\n<meta property=\"og:title\" content=\"Politique de confidentialit\u00e9\" \/>\n<meta property=\"og:description\" content=\"Politique de confidentialit\u00e9 Derni\u00e8re mise \u00e0 jour : novembre 2022 Avis de non-responsabilit\u00e9 Les renseignements pr\u00e9sents sur ce site Web proviennent de sources fiables et sont exacts au moment de leur publication. Toutefois, ils sont fournis \u00ab\u00a0tels quels\u00a0\u00bb, sans garantie expresse ou implicite de quelque nature que ce soit. Direxyon Technologies et ses fournisseurs ne [&hellip;]\" \/>\n<meta property=\"og:url\" content=\"https:\/\/www.direxyon.com\/fr\/privacy-policy\/\" \/>\n<meta property=\"og:site_name\" content=\"Direxyon Technologies\" \/>\n<meta property=\"article:modified_time\" content=\"2025-11-25T16:40:04+00:00\" \/>\n<meta property=\"og:image\" content=\"https:\/\/www.direxyon.com\/wp-content\/uploads\/2021\/10\/Direxyon-Logo_1200x600px-1.jpg\" \/>\n\t<meta property=\"og:image:width\" content=\"1200\" \/>\n\t<meta property=\"og:image:height\" content=\"627\" \/>\n\t<meta property=\"og:image:type\" content=\"image\/jpeg\" \/>\n<meta name=\"twitter:card\" content=\"summary_large_image\" \/>\n<meta name=\"twitter:label1\" content=\"Dur\u00e9e de lecture estim\u00e9e\" \/>\n\t<meta name=\"twitter:data1\" content=\"3 minutes\" \/>\n<script type=\"application\/ld+json\" class=\"yoast-schema-graph\">{\n\t    \"@context\": \"https:\\\/\\\/schema.org\",\n\t    \"@graph\": [\n\t        {\n\t            \"@type\": \"WebPage\",\n\t            \"@id\": \"https:\\\/\\\/www.direxyon.com\\\/fr\\\/privacy-policy\\\/\",\n\t            \"url\": \"https:\\\/\\\/www.direxyon.com\\\/fr\\\/privacy-policy\\\/\",\n\t            \"name\": \"Politique de confidentialit\u00e9 | Direxyon Technologies\",\n\t            \"isPartOf\": {\n\t                \"@id\": \"https:\\\/\\\/direxyontecdev.wpenginepowered.com\\\/#website\"\n\t            },\n\t            \"datePublished\": \"2025-11-19T19:37:27+00:00\",\n\t            \"dateModified\": \"2025-11-25T16:40:04+00:00\",\n\t            \"breadcrumb\": {\n\t                \"@id\": \"https:\\\/\\\/www.direxyon.com\\\/fr\\\/privacy-policy\\\/#breadcrumb\"\n\t            },\n\t            \"inLanguage\": \"fr-FR\",\n\t            \"potentialAction\": [\n\t                {\n\t                    \"@type\": \"ReadAction\",\n\t                    \"target\": [\n\t                        \"https:\\\/\\\/www.direxyon.com\\\/fr\\\/privacy-policy\\\/\"\n\t                    ]\n\t                }\n\t            ]\n\t        },\n\t        {\n\t            \"@type\": \"BreadcrumbList\",\n\t            \"@id\": \"https:\\\/\\\/www.direxyon.com\\\/fr\\\/privacy-policy\\\/#breadcrumb\",\n\t            \"itemListElement\": [\n\t                {\n\t                    \"@type\": \"ListItem\",\n\t                    \"position\": 1,\n\t                    \"name\": \"Home\",\n\t                    \"item\": \"https:\\\/\\\/www.direxyon.com\\\/fr\\\/\"\n\t                },\n\t                {\n\t                    \"@type\": \"ListItem\",\n\t                    \"position\": 2,\n\t                    \"name\": \"Politique de confidentialit\u00e9\"\n\t                }\n\t            ]\n\t        },\n\t        {\n\t            \"@type\": \"WebSite\",\n\t            \"@id\": \"https:\\\/\\\/direxyontecdev.wpenginepowered.com\\\/#website\",\n\t            \"url\": \"https:\\\/\\\/direxyontecdev.wpenginepowered.com\\\/\",\n\t            \"name\": \"Direxyon Technologies\",\n\t            \"description\": \"\",\n\t            \"publisher\": {\n\t                \"@id\": \"https:\\\/\\\/direxyontecdev.wpenginepowered.com\\\/#organization\"\n\t            },\n\t            \"potentialAction\": [\n\t                {\n\t                    \"@type\": \"SearchAction\",\n\t                    \"target\": {\n\t                        \"@type\": \"EntryPoint\",\n\t                        \"urlTemplate\": \"https:\\\/\\\/direxyontecdev.wpenginepowered.com\\\/?s={search_term_string}\"\n\t                    },\n\t                    \"query-input\": {\n\t                        \"@type\": \"PropertyValueSpecification\",\n\t                        \"valueRequired\": true,\n\t                        \"valueName\": \"search_term_string\"\n\t                    }\n\t                }\n\t            ],\n\t            \"inLanguage\": \"fr-FR\"\n\t        },\n\t        {\n\t            \"@type\": \"Organization\",\n\t            \"@id\": \"https:\\\/\\\/direxyontecdev.wpenginepowered.com\\\/#organization\",\n\t            \"name\": \"Direxyon Technologies\",\n\t            \"url\": \"https:\\\/\\\/direxyontecdev.wpenginepowered.com\\\/\",\n\t            \"logo\": {\n\t                \"@type\": \"ImageObject\",\n\t                \"inLanguage\": \"fr-FR\",\n\t                \"@id\": \"https:\\\/\\\/direxyontecdev.wpenginepowered.com\\\/#\\\/schema\\\/logo\\\/image\\\/\",\n\t                \"url\": \"https:\\\/\\\/www.direxyon.com\\\/wp-content\\\/uploads\\\/2024\\\/01\\\/Logo_DIREXYON_bleu.png\",\n\t                \"contentUrl\": \"https:\\\/\\\/www.direxyon.com\\\/wp-content\\\/uploads\\\/2024\\\/01\\\/Logo_DIREXYON_bleu.png\",\n\t                \"width\": 800,\n\t                \"height\": 220,\n\t                \"caption\": \"Direxyon Technologies\"\n\t            },\n\t            \"image\": {\n\t                \"@id\": \"https:\\\/\\\/direxyontecdev.wpenginepowered.com\\\/#\\\/schema\\\/logo\\\/image\\\/\"\n\t            },\n\t            \"sameAs\": [\n\t                \"https:\\\/\\\/www.linkedin.com\\\/company\\\/direxyon-technologies\\\/\",\n\t                \"https:\\\/\\\/www.youtube.com\\\/channel\\\/UCgqumEEDzzhTpDXFKdpNFVg\"\n\t            ]\n\t        }\n\t    ]\n\t}<\/script>\n<!-- \/ Yoast SEO Premium plugin. -->","yoast_head_json":{"title":"Politique de confidentialit\u00e9 | Direxyon Technologies","robots":{"index":"index","follow":"follow","max-snippet":"max-snippet:-1","max-image-preview":"max-image-preview:large","max-video-preview":"max-video-preview:-1"},"canonical":"https:\/\/www.direxyon.com\/fr\/privacy-policy\/","og_locale":"fr_FR","og_type":"article","og_title":"Politique de confidentialit\u00e9","og_description":"Politique de confidentialit\u00e9 Derni\u00e8re mise \u00e0 jour : novembre 2022 Avis de non-responsabilit\u00e9 Les renseignements pr\u00e9sents sur ce site Web proviennent de sources fiables et sont exacts au moment de leur publication. Toutefois, ils sont fournis \u00ab\u00a0tels quels\u00a0\u00bb, sans garantie expresse ou implicite de quelque nature que ce soit. Direxyon Technologies et ses fournisseurs ne [&hellip;]","og_url":"https:\/\/www.direxyon.com\/fr\/privacy-policy\/","og_site_name":"Direxyon Technologies","article_modified_time":"2025-11-25T16:40:04+00:00","og_image":[{"width":1200,"height":627,"url":"https:\/\/www.direxyon.com\/wp-content\/uploads\/2021\/10\/Direxyon-Logo_1200x600px-1.jpg","type":"image\/jpeg"}],"twitter_card":"summary_large_image","twitter_misc":{"Dur\u00e9e de lecture estim\u00e9e":"3 minutes"},"schema":{"@context":"https:\/\/schema.org","@graph":[{"@type":"WebPage","@id":"https:\/\/www.direxyon.com\/fr\/privacy-policy\/","url":"https:\/\/www.direxyon.com\/fr\/privacy-policy\/","name":"Politique de confidentialit\u00e9 | Direxyon Technologies","isPartOf":{"@id":"https:\/\/direxyontecdev.wpenginepowered.com\/#website"},"datePublished":"2025-11-19T19:37:27+00:00","dateModified":"2025-11-25T16:40:04+00:00","breadcrumb":{"@id":"https:\/\/www.direxyon.com\/fr\/privacy-policy\/#breadcrumb"},"inLanguage":"fr-FR","potentialAction":[{"@type":"ReadAction","target":["https:\/\/www.direxyon.com\/fr\/privacy-policy\/"]}]},{"@type":"BreadcrumbList","@id":"https:\/\/www.direxyon.com\/fr\/privacy-policy\/#breadcrumb","itemListElement":[{"@type":"ListItem","position":1,"name":"Home","item":"https:\/\/www.direxyon.com\/fr\/"},{"@type":"ListItem","position":2,"name":"Politique de confidentialit\u00e9"}]},{"@type":"WebSite","@id":"https:\/\/direxyontecdev.wpenginepowered.com\/#website","url":"https:\/\/direxyontecdev.wpenginepowered.com\/","name":"Direxyon Technologies","description":"","publisher":{"@id":"https:\/\/direxyontecdev.wpenginepowered.com\/#organization"},"potentialAction":[{"@type":"SearchAction","target":{"@type":"EntryPoint","urlTemplate":"https:\/\/direxyontecdev.wpenginepowered.com\/?s={search_term_string}"},"query-input":{"@type":"PropertyValueSpecification","valueRequired":true,"valueName":"search_term_string"}}],"inLanguage":"fr-FR"},{"@type":"Organization","@id":"https:\/\/direxyontecdev.wpenginepowered.com\/#organization","name":"Direxyon Technologies","url":"https:\/\/direxyontecdev.wpenginepowered.com\/","logo":{"@type":"ImageObject","inLanguage":"fr-FR","@id":"https:\/\/direxyontecdev.wpenginepowered.com\/#\/schema\/logo\/image\/","url":"https:\/\/www.direxyon.com\/wp-content\/uploads\/2024\/01\/Logo_DIREXYON_bleu.png","contentUrl":"https:\/\/www.direxyon.com\/wp-content\/uploads\/2024\/01\/Logo_DIREXYON_bleu.png","width":800,"height":220,"caption":"Direxyon Technologies"},"image":{"@id":"https:\/\/direxyontecdev.wpenginepowered.com\/#\/schema\/logo\/image\/"},"sameAs":["https:\/\/www.linkedin.com\/company\/direxyon-technologies\/","https:\/\/www.youtube.com\/channel\/UCgqumEEDzzhTpDXFKdpNFVg"]}]}},"featured_image_src":null,"featured_image_src_square":null,"_links":{"self":[{"href":"https:\/\/www.direxyon.com\/fr\/wp-json\/wp\/v2\/pages\/5707","targetHints":{"allow":["GET"]}}],"collection":[{"href":"https:\/\/www.direxyon.com\/fr\/wp-json\/wp\/v2\/pages"}],"about":[{"href":"https:\/\/www.direxyon.com\/fr\/wp-json\/wp\/v2\/types\/page"}],"author":[{"embeddable":true,"href":"https:\/\/www.direxyon.com\/fr\/wp-json\/wp\/v2\/users\/22"}],"replies":[{"embeddable":true,"href":"https:\/\/www.direxyon.com\/fr\/wp-json\/wp\/v2\/comments?post=5707"}],"version-history":[{"count":0,"href":"https:\/\/www.direxyon.com\/fr\/wp-json\/wp\/v2\/pages\/5707\/revisions"}],"wp:attachment":[{"href":"https:\/\/www.direxyon.com\/fr\/wp-json\/wp\/v2\/media?parent=5707"}],"curies":[{"name":"wp","href":"https:\/\/api.w.org\/{rel}","templated":true}]}}