{"id":5705,"date":"2025-11-19T14:46:20","date_gmt":"2025-11-19T19:46:20","guid":{"rendered":"https:\/\/www.direxyon.com\/cookie-policy\/"},"modified":"2025-11-27T08:12:08","modified_gmt":"2025-11-27T13:12:08","slug":"politique-de-cookies","status":"publish","type":"page","link":"https:\/\/www.direxyon.com\/fr\/politique-de-cookies\/","title":{"rendered":"Politique de cookies"},"content":{"rendered":"\n<div class=\"wp-block-group alignfull is-layout-constrained wp-block-group-is-layout-constrained\">\n<div style=\"background-image:url(&apos;https:\/\/www.direxyon.com\/wp-content\/uploads\/2025\/11\/pattern2.jpg&apos;);background-size:cover;\" class=\"wp-block-group full-w is-layout-constrained wp-block-group-is-layout-constrained has-background\">\n<div style=\"height:var(--wp--preset--spacing--50);width:0px\" aria-hidden=\"true\" class=\"wp-block-spacer\"><\/div>\n\n\n\n<h1 class=\"wp-block-heading\" id=\"h-politique-de-cookies\">Politique de cookies<\/h1>\n\n\n\n<p class=\"contained\">Derni\u00e8re mise \u00e0 jour : novembre 2022<\/p>\n\n\n\n<p class=\"contained\">Direxyon Technologies utilise des t\u00e9moins, des pixels et d\u2019autres technologies pour reconna\u00eetre votre navigateur ou appareil, mieux comprendre vos int\u00e9r\u00eats et vous offrir des fonctionnalit\u00e9s et services essentiels.<\/p>\n\n\n\n<p class=\"contained\">Vous pouvez consulter l\u2019int\u00e9gralit\u00e9 de notre politique,\u00a0<a href=\"https:\/\/www.direxyon.com\/wp-content\/uploads\/2022\/12\/Politique-relative-aux-cookies-November-2022.pdf\" target=\"_blank\" rel=\"noreferrer noopener\">ici<\/a>.<\/p>\n\n\n\n<p class=\"contained\">Si vous avez des questions, des pr\u00e9occupations, des demandes ou des plaintes concernant la Politique ou la gestion de vos renseignements personnels par DIREXYON, nous vous invitons \u00e0 nous contacter \u00e0<strong>\u00a0<a href=\"mailto:privacy@direxyon.com\">privacy@direxyon.com<\/a><\/strong>.<\/p>\n\n\n\n<div style=\"height:var(--wp--preset--spacing--60);width:0px\" aria-hidden=\"true\" class=\"wp-block-spacer\"><\/div>\n<\/div>\n<\/div>\n\n\n\n<p><\/p>\n","protected":false},"excerpt":{"rendered":"<p>Politique de cookies Derni\u00e8re mise \u00e0 jour : novembre 2022 Direxyon Technologies utilise des t\u00e9moins, des pixels et d\u2019autres technologies pour reconna\u00eetre votre navigateur ou appareil, mieux comprendre vos int\u00e9r\u00eats et vous offrir des fonctionnalit\u00e9s et services essentiels. Vous pouvez consulter l\u2019int\u00e9gralit\u00e9 de notre politique,\u00a0ici. Si vous avez des questions, des pr\u00e9occupations, des demandes ou [&hellip;]<\/p>\n","protected":false},"author":22,"featured_media":0,"parent":0,"menu_order":0,"comment_status":"closed","ping_status":"closed","template":"","meta":{"_acf_changed":false,"content-type":"","footnotes":""},"class_list":["post-5705","page","type-page","status-publish","hentry"],"acf":[],"yoast_head":"<!-- This site is optimized with the Yoast SEO Premium plugin v27.5 (Yoast SEO v27.5) - https:\/\/yoast.com\/product\/yoast-seo-premium-wordpress\/ -->\n<title>Politique de cookies | Direxyon Technologies<\/title>\n<meta name=\"robots\" content=\"index, follow, max-snippet:-1, max-image-preview:large, max-video-preview:-1\" \/>\n<link rel=\"canonical\" href=\"https:\/\/www.direxyon.com\/fr\/politique-de-cookies\/\" \/>\n<meta property=\"og:locale\" content=\"fr_FR\" \/>\n<meta property=\"og:type\" content=\"article\" \/>\n<meta property=\"og:title\" content=\"Politique de cookies\" \/>\n<meta property=\"og:description\" content=\"Politique de cookies Derni\u00e8re mise \u00e0 jour : novembre 2022 Direxyon Technologies utilise des t\u00e9moins, des pixels et d\u2019autres technologies pour reconna\u00eetre votre navigateur ou appareil, mieux comprendre vos int\u00e9r\u00eats et vous offrir des fonctionnalit\u00e9s et services essentiels. Vous pouvez consulter l\u2019int\u00e9gralit\u00e9 de notre politique,\u00a0ici. Si vous avez des questions, des pr\u00e9occupations, des demandes ou [&hellip;]\" \/>\n<meta property=\"og:url\" content=\"https:\/\/www.direxyon.com\/fr\/politique-de-cookies\/\" \/>\n<meta property=\"og:site_name\" content=\"Direxyon Technologies\" \/>\n<meta property=\"article:modified_time\" content=\"2025-11-27T13:12:08+00:00\" \/>\n<meta property=\"og:image\" content=\"https:\/\/www.direxyon.com\/wp-content\/uploads\/2021\/10\/Direxyon-Logo_1200x600px-1.jpg\" \/>\n\t<meta property=\"og:image:width\" content=\"1200\" \/>\n\t<meta property=\"og:image:height\" content=\"627\" \/>\n\t<meta property=\"og:image:type\" content=\"image\/jpeg\" \/>\n<meta name=\"twitter:card\" content=\"summary_large_image\" \/>\n<meta name=\"twitter:label1\" content=\"Dur\u00e9e de lecture estim\u00e9e\" \/>\n\t<meta name=\"twitter:data1\" content=\"1 minute\" \/>\n<script type=\"application\/ld+json\" class=\"yoast-schema-graph\">{\n\t    \"@context\": \"https:\\\/\\\/schema.org\",\n\t    \"@graph\": [\n\t        {\n\t            \"@type\": \"WebPage\",\n\t            \"@id\": \"https:\\\/\\\/www.direxyon.com\\\/fr\\\/politique-de-cookies\\\/\",\n\t            \"url\": \"https:\\\/\\\/www.direxyon.com\\\/fr\\\/politique-de-cookies\\\/\",\n\t            \"name\": \"Politique de cookies | Direxyon Technologies\",\n\t            \"isPartOf\": {\n\t                \"@id\": \"https:\\\/\\\/direxyontecdev.wpenginepowered.com\\\/#website\"\n\t            },\n\t            \"datePublished\": \"2025-11-19T19:46:20+00:00\",\n\t            \"dateModified\": \"2025-11-27T13:12:08+00:00\",\n\t            \"breadcrumb\": {\n\t                \"@id\": \"https:\\\/\\\/www.direxyon.com\\\/fr\\\/politique-de-cookies\\\/#breadcrumb\"\n\t            },\n\t            \"inLanguage\": \"fr-FR\",\n\t            \"potentialAction\": [\n\t                {\n\t                    \"@type\": \"ReadAction\",\n\t                    \"target\": [\n\t                        \"https:\\\/\\\/www.direxyon.com\\\/fr\\\/politique-de-cookies\\\/\"\n\t                    ]\n\t                }\n\t            ]\n\t        },\n\t        {\n\t            \"@type\": \"BreadcrumbList\",\n\t            \"@id\": \"https:\\\/\\\/www.direxyon.com\\\/fr\\\/politique-de-cookies\\\/#breadcrumb\",\n\t            \"itemListElement\": [\n\t                {\n\t                    \"@type\": \"ListItem\",\n\t                    \"position\": 1,\n\t                    \"name\": \"Home\",\n\t                    \"item\": \"https:\\\/\\\/www.direxyon.com\\\/fr\\\/\"\n\t                },\n\t                {\n\t                    \"@type\": \"ListItem\",\n\t                    \"position\": 2,\n\t                    \"name\": \"Politique de cookies\"\n\t                }\n\t            ]\n\t        },\n\t        {\n\t            \"@type\": \"WebSite\",\n\t            \"@id\": \"https:\\\/\\\/direxyontecdev.wpenginepowered.com\\\/#website\",\n\t            \"url\": \"https:\\\/\\\/direxyontecdev.wpenginepowered.com\\\/\",\n\t            \"name\": \"Direxyon Technologies\",\n\t            \"description\": \"\",\n\t            \"publisher\": {\n\t                \"@id\": \"https:\\\/\\\/direxyontecdev.wpenginepowered.com\\\/#organization\"\n\t            },\n\t            \"potentialAction\": [\n\t                {\n\t                    \"@type\": \"SearchAction\",\n\t                    \"target\": {\n\t                        \"@type\": \"EntryPoint\",\n\t                        \"urlTemplate\": \"https:\\\/\\\/direxyontecdev.wpenginepowered.com\\\/?s={search_term_string}\"\n\t                    },\n\t                    \"query-input\": {\n\t                        \"@type\": \"PropertyValueSpecification\",\n\t                        \"valueRequired\": true,\n\t                        \"valueName\": \"search_term_string\"\n\t                    }\n\t                }\n\t            ],\n\t            \"inLanguage\": \"fr-FR\"\n\t        },\n\t        {\n\t            \"@type\": \"Organization\",\n\t            \"@id\": \"https:\\\/\\\/direxyontecdev.wpenginepowered.com\\\/#organization\",\n\t            \"name\": \"Direxyon Technologies\",\n\t            \"url\": \"https:\\\/\\\/direxyontecdev.wpenginepowered.com\\\/\",\n\t            \"logo\": {\n\t                \"@type\": \"ImageObject\",\n\t                \"inLanguage\": \"fr-FR\",\n\t                \"@id\": \"https:\\\/\\\/direxyontecdev.wpenginepowered.com\\\/#\\\/schema\\\/logo\\\/image\\\/\",\n\t                \"url\": \"https:\\\/\\\/www.direxyon.com\\\/wp-content\\\/uploads\\\/2024\\\/01\\\/Logo_DIREXYON_bleu.png\",\n\t                \"contentUrl\": \"https:\\\/\\\/www.direxyon.com\\\/wp-content\\\/uploads\\\/2024\\\/01\\\/Logo_DIREXYON_bleu.png\",\n\t                \"width\": 800,\n\t                \"height\": 220,\n\t                \"caption\": \"Direxyon Technologies\"\n\t            },\n\t            \"image\": {\n\t                \"@id\": \"https:\\\/\\\/direxyontecdev.wpenginepowered.com\\\/#\\\/schema\\\/logo\\\/image\\\/\"\n\t            },\n\t            \"sameAs\": [\n\t                \"https:\\\/\\\/www.linkedin.com\\\/company\\\/direxyon-technologies\\\/\",\n\t                \"https:\\\/\\\/www.youtube.com\\\/channel\\\/UCgqumEEDzzhTpDXFKdpNFVg\"\n\t            ]\n\t        }\n\t    ]\n\t}<\/script>\n<!-- \/ Yoast SEO Premium plugin. -->","yoast_head_json":{"title":"Politique de cookies | Direxyon Technologies","robots":{"index":"index","follow":"follow","max-snippet":"max-snippet:-1","max-image-preview":"max-image-preview:large","max-video-preview":"max-video-preview:-1"},"canonical":"https:\/\/www.direxyon.com\/fr\/politique-de-cookies\/","og_locale":"fr_FR","og_type":"article","og_title":"Politique de cookies","og_description":"Politique de cookies Derni\u00e8re mise \u00e0 jour : novembre 2022 Direxyon Technologies utilise des t\u00e9moins, des pixels et d\u2019autres technologies pour reconna\u00eetre votre navigateur ou appareil, mieux comprendre vos int\u00e9r\u00eats et vous offrir des fonctionnalit\u00e9s et services essentiels. Vous pouvez consulter l\u2019int\u00e9gralit\u00e9 de notre politique,\u00a0ici. Si vous avez des questions, des pr\u00e9occupations, des demandes ou [&hellip;]","og_url":"https:\/\/www.direxyon.com\/fr\/politique-de-cookies\/","og_site_name":"Direxyon Technologies","article_modified_time":"2025-11-27T13:12:08+00:00","og_image":[{"width":1200,"height":627,"url":"https:\/\/www.direxyon.com\/wp-content\/uploads\/2021\/10\/Direxyon-Logo_1200x600px-1.jpg","type":"image\/jpeg"}],"twitter_card":"summary_large_image","twitter_misc":{"Dur\u00e9e de lecture estim\u00e9e":"1 minute"},"schema":{"@context":"https:\/\/schema.org","@graph":[{"@type":"WebPage","@id":"https:\/\/www.direxyon.com\/fr\/politique-de-cookies\/","url":"https:\/\/www.direxyon.com\/fr\/politique-de-cookies\/","name":"Politique de cookies | Direxyon Technologies","isPartOf":{"@id":"https:\/\/direxyontecdev.wpenginepowered.com\/#website"},"datePublished":"2025-11-19T19:46:20+00:00","dateModified":"2025-11-27T13:12:08+00:00","breadcrumb":{"@id":"https:\/\/www.direxyon.com\/fr\/politique-de-cookies\/#breadcrumb"},"inLanguage":"fr-FR","potentialAction":[{"@type":"ReadAction","target":["https:\/\/www.direxyon.com\/fr\/politique-de-cookies\/"]}]},{"@type":"BreadcrumbList","@id":"https:\/\/www.direxyon.com\/fr\/politique-de-cookies\/#breadcrumb","itemListElement":[{"@type":"ListItem","position":1,"name":"Home","item":"https:\/\/www.direxyon.com\/fr\/"},{"@type":"ListItem","position":2,"name":"Politique de cookies"}]},{"@type":"WebSite","@id":"https:\/\/direxyontecdev.wpenginepowered.com\/#website","url":"https:\/\/direxyontecdev.wpenginepowered.com\/","name":"Direxyon Technologies","description":"","publisher":{"@id":"https:\/\/direxyontecdev.wpenginepowered.com\/#organization"},"potentialAction":[{"@type":"SearchAction","target":{"@type":"EntryPoint","urlTemplate":"https:\/\/direxyontecdev.wpenginepowered.com\/?s={search_term_string}"},"query-input":{"@type":"PropertyValueSpecification","valueRequired":true,"valueName":"search_term_string"}}],"inLanguage":"fr-FR"},{"@type":"Organization","@id":"https:\/\/direxyontecdev.wpenginepowered.com\/#organization","name":"Direxyon Technologies","url":"https:\/\/direxyontecdev.wpenginepowered.com\/","logo":{"@type":"ImageObject","inLanguage":"fr-FR","@id":"https:\/\/direxyontecdev.wpenginepowered.com\/#\/schema\/logo\/image\/","url":"https:\/\/www.direxyon.com\/wp-content\/uploads\/2024\/01\/Logo_DIREXYON_bleu.png","contentUrl":"https:\/\/www.direxyon.com\/wp-content\/uploads\/2024\/01\/Logo_DIREXYON_bleu.png","width":800,"height":220,"caption":"Direxyon Technologies"},"image":{"@id":"https:\/\/direxyontecdev.wpenginepowered.com\/#\/schema\/logo\/image\/"},"sameAs":["https:\/\/www.linkedin.com\/company\/direxyon-technologies\/","https:\/\/www.youtube.com\/channel\/UCgqumEEDzzhTpDXFKdpNFVg"]}]}},"featured_image_src":null,"featured_image_src_square":null,"_links":{"self":[{"href":"https:\/\/www.direxyon.com\/fr\/wp-json\/wp\/v2\/pages\/5705","targetHints":{"allow":["GET"]}}],"collection":[{"href":"https:\/\/www.direxyon.com\/fr\/wp-json\/wp\/v2\/pages"}],"about":[{"href":"https:\/\/www.direxyon.com\/fr\/wp-json\/wp\/v2\/types\/page"}],"author":[{"embeddable":true,"href":"https:\/\/www.direxyon.com\/fr\/wp-json\/wp\/v2\/users\/22"}],"replies":[{"embeddable":true,"href":"https:\/\/www.direxyon.com\/fr\/wp-json\/wp\/v2\/comments?post=5705"}],"version-history":[{"count":0,"href":"https:\/\/www.direxyon.com\/fr\/wp-json\/wp\/v2\/pages\/5705\/revisions"}],"wp:attachment":[{"href":"https:\/\/www.direxyon.com\/fr\/wp-json\/wp\/v2\/media?parent=5705"}],"curies":[{"name":"wp","href":"https:\/\/api.w.org\/{rel}","templated":true}]}}