{"id":5703,"date":"2025-11-19T14:25:33","date_gmt":"2025-11-19T19:25:33","guid":{"rendered":"https:\/\/www.direxyon.com\/contact\/"},"modified":"2025-11-25T14:38:57","modified_gmt":"2025-11-25T19:38:57","slug":"contact","status":"publish","type":"page","link":"https:\/\/www.direxyon.com\/fr\/contact\/","title":{"rendered":"Contact"},"content":{"rendered":"\n<div class=\"wp-block-group alignfull is-layout-constrained wp-block-group-is-layout-constrained\">\n<div style=\"background-image:url(&apos;https:\/\/www.direxyon.com\/wp-content\/uploads\/2025\/11\/pattern2.jpg&apos;);background-size:cover;\" class=\"wp-block-group full-w is-layout-constrained wp-block-group-is-layout-constrained has-background\">\n<div style=\"height:var(--wp--preset--spacing--50);width:0px\" aria-hidden=\"true\" class=\"wp-block-spacer\"><\/div>\n\n\n\n<div id=\"bk-tag-block_3a75bb838da27d3989d4ab199b1b5bf2\" class=\"bk-tag-container\">\n\t<span class=\"tag\">Contact<\/span>\n<\/div>\n\n\n<h1 class=\"wp-block-heading\" id=\"h-contactez-nous\">Contactez-nous<\/h1>\n\n\n\n<p class=\"contained\">Que vous ayez une question sur notre logiciel, que vous souhaitiez explorer un partenariat ou simplement joindre un membre de notre \u00e9quipe \u2013 nous voulons vous entendre. Remplissez le formulaire et quelqu\u2019un de notre \u00e9quipe vous r\u00e9pondra d\u00e8s que possible.<\/p>\n\n\n\n<div style=\"height:var(--wp--preset--spacing--50);width:0px\" aria-hidden=\"true\" class=\"wp-block-spacer\"><\/div>\n<\/div>\n<\/div>\n\n\n\n<div class=\"wp-block-cover is-light has-border-color\" style=\"border-color:#c3cad1;border-width:1px;border-radius:16px\"><span aria-hidden=\"true\" class=\"wp-block-cover__background has-white-background-color has-background-dim-100 has-background-dim\"><\/span><div class=\"wp-block-cover__inner-container is-layout-constrained wp-block-cover-is-layout-constrained\">\n<div class=\"wp-block-leadin-hubspot-form-block\">\n\t\t\t<div\n\t\t\tclass=\"hs-form-frame\"\n\t\t\tdata-region=\"na1\"\n\t\t\tdata-form-id=\"63659027-c7e6-4a5a-99be-a7f6665168ea\"\n\t\t\tdata-portal-id=\"8847107\"\n\t\t\t >\n\t\t\t<\/div>\n\t\t\t<\/div>\n<\/div><\/div>\n\n\n\n<div style=\"height:var(--wp--preset--spacing--40)\" aria-hidden=\"true\" class=\"wp-block-spacer\"><\/div>\n\n\n\n<div class=\"wp-block-cover\" style=\"border-radius:16px;padding-top:var(--wp--preset--spacing--40);padding-bottom:var(--wp--preset--spacing--40)\"><span aria-hidden=\"true\" class=\"wp-block-cover__background has-background-dim-100 has-background-dim has-background-gradient\" style=\"background:linear-gradient(90deg,rgb(0,48,103) 49%,rgb(0,105,217) 99%)\"><\/span><div class=\"wp-block-cover__inner-container is-layout-constrained wp-block-cover-is-layout-constrained\">\n<div id=\"bk-tag-block_a2f4f4bf6cdb4b340104a332b7b13fb8\" class=\"bk-tag-container aligncenter\">\n\t<span class=\"tag\">Relations m\u00e9dias<\/span>\n<\/div>\n\n\n<h2 class=\"wp-block-heading has-text-align-center has-white-color has-text-color has-link-color wp-elements-328b897b3b82bf36ee8bfada1f3cf96c\" id=\"h-vous-etes-journaliste-contactez-nous\"><strong>Vous \u00eates journaliste<\/strong>\u00a0<strong>? Contactez-nous<\/strong>\u00a0<strong>!<\/strong><\/h2>\n\n\n\n<p class=\"has-text-align-center\">Nos sp\u00e9cialistes produits vous pr\u00e9senteront notre approche \u00e9prouv\u00e9e pour am\u00e9liorer votre planification d\u2019investissements en capital.<br><\/p>\n<\/div><\/div>\n\n\n\n<div style=\"height:var(--wp--preset--spacing--50)\" aria-hidden=\"true\" class=\"wp-block-spacer\"><\/div>\n","protected":false},"excerpt":{"rendered":"<p>Contactez-nous Que vous ayez une question sur notre logiciel, que vous souhaitiez explorer un partenariat ou simplement joindre un membre de notre \u00e9quipe \u2013 nous voulons vous entendre. Remplissez le formulaire et quelqu\u2019un de notre \u00e9quipe vous r\u00e9pondra d\u00e8s que possible.<\/p>\n","protected":false},"author":22,"featured_media":0,"parent":0,"menu_order":0,"comment_status":"closed","ping_status":"closed","template":"","meta":{"_acf_changed":true,"content-type":"","footnotes":""},"class_list":["post-5703","page","type-page","status-publish","hentry"],"acf":[],"yoast_head":"<!-- This site is optimized with the Yoast SEO Premium plugin v27.2 (Yoast SEO v27.3) - https:\/\/yoast.com\/product\/yoast-seo-premium-wordpress\/ -->\n<title>Contact | Direxyon Technologies<\/title>\n<meta name=\"description\" content=\"Contactez Direxyon pour toute question, partenariat ou demande d\u2019information. Remplissez le formulaire et notre \u00e9quipe vous r\u00e9pondra rapidement.\" \/>\n<meta name=\"robots\" content=\"index, follow, max-snippet:-1, max-image-preview:large, max-video-preview:-1\" \/>\n<link rel=\"canonical\" href=\"https:\/\/www.direxyon.com\/fr\/contact\/\" \/>\n<meta property=\"og:locale\" content=\"fr_FR\" \/>\n<meta property=\"og:type\" content=\"article\" \/>\n<meta property=\"og:title\" content=\"Contact\" \/>\n<meta property=\"og:description\" content=\"Contactez Direxyon pour toute question, partenariat ou demande d\u2019information. Remplissez le formulaire et notre \u00e9quipe vous r\u00e9pondra rapidement.\" \/>\n<meta property=\"og:url\" content=\"https:\/\/www.direxyon.com\/fr\/contact\/\" \/>\n<meta property=\"og:site_name\" content=\"Direxyon Technologies\" \/>\n<meta property=\"article:modified_time\" content=\"2025-11-25T19:38:57+00:00\" \/>\n<meta property=\"og:image\" content=\"https:\/\/www.direxyon.com\/wp-content\/uploads\/2021\/10\/Direxyon-Logo_1200x600px-1.jpg\" \/>\n\t<meta property=\"og:image:width\" content=\"1200\" \/>\n\t<meta property=\"og:image:height\" content=\"627\" \/>\n\t<meta property=\"og:image:type\" content=\"image\/jpeg\" \/>\n<meta name=\"twitter:card\" content=\"summary_large_image\" \/>\n<meta name=\"twitter:label1\" content=\"Dur\u00e9e de lecture estim\u00e9e\" \/>\n\t<meta name=\"twitter:data1\" content=\"1 minute\" \/>\n<script type=\"application\/ld+json\" class=\"yoast-schema-graph\">{\n\t    \"@context\": \"https:\\\/\\\/schema.org\",\n\t    \"@graph\": [\n\t        {\n\t            \"@type\": \"WebPage\",\n\t            \"@id\": \"https:\\\/\\\/www.direxyon.com\\\/fr\\\/contact\\\/\",\n\t            \"url\": \"https:\\\/\\\/www.direxyon.com\\\/fr\\\/contact\\\/\",\n\t            \"name\": \"Contact | Direxyon Technologies\",\n\t            \"isPartOf\": {\n\t                \"@id\": \"https:\\\/\\\/direxyontecdev.wpenginepowered.com\\\/#website\"\n\t            },\n\t            \"datePublished\": \"2025-11-19T19:25:33+00:00\",\n\t            \"dateModified\": \"2025-11-25T19:38:57+00:00\",\n\t            \"description\": \"Contactez Direxyon pour toute question, partenariat ou demande d\u2019information. Remplissez le formulaire et notre \u00e9quipe vous r\u00e9pondra rapidement.\",\n\t            \"breadcrumb\": {\n\t                \"@id\": \"https:\\\/\\\/www.direxyon.com\\\/fr\\\/contact\\\/#breadcrumb\"\n\t            },\n\t            \"inLanguage\": \"fr-FR\",\n\t            \"potentialAction\": [\n\t                {\n\t                    \"@type\": \"ReadAction\",\n\t                    \"target\": [\n\t                        \"https:\\\/\\\/www.direxyon.com\\\/fr\\\/contact\\\/\"\n\t                    ]\n\t                }\n\t            ]\n\t        },\n\t        {\n\t            \"@type\": \"BreadcrumbList\",\n\t            \"@id\": \"https:\\\/\\\/www.direxyon.com\\\/fr\\\/contact\\\/#breadcrumb\",\n\t            \"itemListElement\": [\n\t                {\n\t                    \"@type\": \"ListItem\",\n\t                    \"position\": 1,\n\t                    \"name\": \"Home\",\n\t                    \"item\": \"https:\\\/\\\/www.direxyon.com\\\/fr\\\/\"\n\t                },\n\t                {\n\t                    \"@type\": \"ListItem\",\n\t                    \"position\": 2,\n\t                    \"name\": \"Contact\"\n\t                }\n\t            ]\n\t        },\n\t        {\n\t            \"@type\": \"WebSite\",\n\t            \"@id\": \"https:\\\/\\\/direxyontecdev.wpenginepowered.com\\\/#website\",\n\t            \"url\": \"https:\\\/\\\/direxyontecdev.wpenginepowered.com\\\/\",\n\t            \"name\": \"Direxyon Technologies\",\n\t            \"description\": \"\",\n\t            \"publisher\": {\n\t                \"@id\": \"https:\\\/\\\/direxyontecdev.wpenginepowered.com\\\/#organization\"\n\t            },\n\t            \"potentialAction\": [\n\t                {\n\t                    \"@type\": \"SearchAction\",\n\t                    \"target\": {\n\t                        \"@type\": \"EntryPoint\",\n\t                        \"urlTemplate\": \"https:\\\/\\\/direxyontecdev.wpenginepowered.com\\\/?s={search_term_string}\"\n\t                    },\n\t                    \"query-input\": {\n\t                        \"@type\": \"PropertyValueSpecification\",\n\t                        \"valueRequired\": true,\n\t                        \"valueName\": \"search_term_string\"\n\t                    }\n\t                }\n\t            ],\n\t            \"inLanguage\": \"fr-FR\"\n\t        },\n\t        {\n\t            \"@type\": \"Organization\",\n\t            \"@id\": \"https:\\\/\\\/direxyontecdev.wpenginepowered.com\\\/#organization\",\n\t            \"name\": \"Direxyon Technologies\",\n\t            \"url\": \"https:\\\/\\\/direxyontecdev.wpenginepowered.com\\\/\",\n\t            \"logo\": {\n\t                \"@type\": \"ImageObject\",\n\t                \"inLanguage\": \"fr-FR\",\n\t                \"@id\": \"https:\\\/\\\/direxyontecdev.wpenginepowered.com\\\/#\\\/schema\\\/logo\\\/image\\\/\",\n\t                \"url\": \"https:\\\/\\\/www.direxyon.com\\\/wp-content\\\/uploads\\\/2024\\\/01\\\/Logo_DIREXYON_bleu.png\",\n\t                \"contentUrl\": \"https:\\\/\\\/www.direxyon.com\\\/wp-content\\\/uploads\\\/2024\\\/01\\\/Logo_DIREXYON_bleu.png\",\n\t                \"width\": 800,\n\t                \"height\": 220,\n\t                \"caption\": \"Direxyon Technologies\"\n\t            },\n\t            \"image\": {\n\t                \"@id\": \"https:\\\/\\\/direxyontecdev.wpenginepowered.com\\\/#\\\/schema\\\/logo\\\/image\\\/\"\n\t            },\n\t            \"sameAs\": [\n\t                \"https:\\\/\\\/www.linkedin.com\\\/company\\\/direxyon-technologies\\\/\",\n\t                \"https:\\\/\\\/www.youtube.com\\\/channel\\\/UCgqumEEDzzhTpDXFKdpNFVg\"\n\t            ]\n\t        }\n\t    ]\n\t}<\/script>\n<!-- \/ Yoast SEO Premium plugin. -->","yoast_head_json":{"title":"Contact | Direxyon Technologies","description":"Contactez Direxyon pour toute question, partenariat ou demande d\u2019information. Remplissez le formulaire et notre \u00e9quipe vous r\u00e9pondra rapidement.","robots":{"index":"index","follow":"follow","max-snippet":"max-snippet:-1","max-image-preview":"max-image-preview:large","max-video-preview":"max-video-preview:-1"},"canonical":"https:\/\/www.direxyon.com\/fr\/contact\/","og_locale":"fr_FR","og_type":"article","og_title":"Contact","og_description":"Contactez Direxyon pour toute question, partenariat ou demande d\u2019information. Remplissez le formulaire et notre \u00e9quipe vous r\u00e9pondra rapidement.","og_url":"https:\/\/www.direxyon.com\/fr\/contact\/","og_site_name":"Direxyon Technologies","article_modified_time":"2025-11-25T19:38:57+00:00","og_image":[{"width":1200,"height":627,"url":"https:\/\/www.direxyon.com\/wp-content\/uploads\/2021\/10\/Direxyon-Logo_1200x600px-1.jpg","type":"image\/jpeg"}],"twitter_card":"summary_large_image","twitter_misc":{"Dur\u00e9e de lecture estim\u00e9e":"1 minute"},"schema":{"@context":"https:\/\/schema.org","@graph":[{"@type":"WebPage","@id":"https:\/\/www.direxyon.com\/fr\/contact\/","url":"https:\/\/www.direxyon.com\/fr\/contact\/","name":"Contact | Direxyon Technologies","isPartOf":{"@id":"https:\/\/direxyontecdev.wpenginepowered.com\/#website"},"datePublished":"2025-11-19T19:25:33+00:00","dateModified":"2025-11-25T19:38:57+00:00","description":"Contactez Direxyon pour toute question, partenariat ou demande d\u2019information. Remplissez le formulaire et notre \u00e9quipe vous r\u00e9pondra rapidement.","breadcrumb":{"@id":"https:\/\/www.direxyon.com\/fr\/contact\/#breadcrumb"},"inLanguage":"fr-FR","potentialAction":[{"@type":"ReadAction","target":["https:\/\/www.direxyon.com\/fr\/contact\/"]}]},{"@type":"BreadcrumbList","@id":"https:\/\/www.direxyon.com\/fr\/contact\/#breadcrumb","itemListElement":[{"@type":"ListItem","position":1,"name":"Home","item":"https:\/\/www.direxyon.com\/fr\/"},{"@type":"ListItem","position":2,"name":"Contact"}]},{"@type":"WebSite","@id":"https:\/\/direxyontecdev.wpenginepowered.com\/#website","url":"https:\/\/direxyontecdev.wpenginepowered.com\/","name":"Direxyon Technologies","description":"","publisher":{"@id":"https:\/\/direxyontecdev.wpenginepowered.com\/#organization"},"potentialAction":[{"@type":"SearchAction","target":{"@type":"EntryPoint","urlTemplate":"https:\/\/direxyontecdev.wpenginepowered.com\/?s={search_term_string}"},"query-input":{"@type":"PropertyValueSpecification","valueRequired":true,"valueName":"search_term_string"}}],"inLanguage":"fr-FR"},{"@type":"Organization","@id":"https:\/\/direxyontecdev.wpenginepowered.com\/#organization","name":"Direxyon Technologies","url":"https:\/\/direxyontecdev.wpenginepowered.com\/","logo":{"@type":"ImageObject","inLanguage":"fr-FR","@id":"https:\/\/direxyontecdev.wpenginepowered.com\/#\/schema\/logo\/image\/","url":"https:\/\/www.direxyon.com\/wp-content\/uploads\/2024\/01\/Logo_DIREXYON_bleu.png","contentUrl":"https:\/\/www.direxyon.com\/wp-content\/uploads\/2024\/01\/Logo_DIREXYON_bleu.png","width":800,"height":220,"caption":"Direxyon Technologies"},"image":{"@id":"https:\/\/direxyontecdev.wpenginepowered.com\/#\/schema\/logo\/image\/"},"sameAs":["https:\/\/www.linkedin.com\/company\/direxyon-technologies\/","https:\/\/www.youtube.com\/channel\/UCgqumEEDzzhTpDXFKdpNFVg"]}]}},"featured_image_src":null,"featured_image_src_square":null,"_links":{"self":[{"href":"https:\/\/www.direxyon.com\/fr\/wp-json\/wp\/v2\/pages\/5703","targetHints":{"allow":["GET"]}}],"collection":[{"href":"https:\/\/www.direxyon.com\/fr\/wp-json\/wp\/v2\/pages"}],"about":[{"href":"https:\/\/www.direxyon.com\/fr\/wp-json\/wp\/v2\/types\/page"}],"author":[{"embeddable":true,"href":"https:\/\/www.direxyon.com\/fr\/wp-json\/wp\/v2\/users\/22"}],"replies":[{"embeddable":true,"href":"https:\/\/www.direxyon.com\/fr\/wp-json\/wp\/v2\/comments?post=5703"}],"version-history":[{"count":0,"href":"https:\/\/www.direxyon.com\/fr\/wp-json\/wp\/v2\/pages\/5703\/revisions"}],"wp:attachment":[{"href":"https:\/\/www.direxyon.com\/fr\/wp-json\/wp\/v2\/media?parent=5703"}],"curies":[{"name":"wp","href":"https:\/\/api.w.org\/{rel}","templated":true}]}}